{"id":1236,"date":"2020-03-26T12:01:36","date_gmt":"2020-03-26T12:01:36","guid":{"rendered":"https:\/\/mrmrsskin.com\/index.php\/agb\/"},"modified":"2024-01-16T08:54:39","modified_gmt":"2024-01-16T08:54:39","slug":"agb","status":"publish","type":"page","link":"https:\/\/mrmrsskin.com\/index.php\/agb\/","title":{"rendered":"AGB"},"content":{"rendered":"\n<p><strong>Allgemeine\nGesch\u00e4ftsbedingungen<\/strong><\/p>\n\n\n\n<p><strong>\u00a7 1 Geltung, Begriffsdefinitionen<\/strong><\/p>\n\n\n\n<p>(1) NEXTING GmbH, Blumenstra\u00dfe 36, 22301 Hamburg, Deutschland (im Folgenden: \u201ewir\u201c oder \u201eMr &amp; Mrs SKIN\u201c) betreibt unter der Webseite https:\/\/mrmrsskin.com einen Online-Shop f\u00fcr Waren. Die nachfolgenden allgemeinen Gesch\u00e4ftsbedingungen gelten f\u00fcr alle Leistungen zwischen uns und unseren Kunden (im Folgenden: \u201eKunde\u201c oder \u201eSie\u201c) in ihrer zum Zeitpunkt der Bestellung g\u00fcltigen Fassung, soweit nicht etwas anderes ausdr\u00fccklich vereinbart wurde.<\/p>\n\n\n\n<p>(2)\n\u201eVerbraucher\u201c im Sinne dieser Gesch\u00e4ftsbedingungen ist jede nat\u00fcrliche Person,\ndie ein Rechtsgesch\u00e4ft zu Zwecken abschlie\u00dft, die \u00fcberwiegend weder ihrer\ngewerblichen noch ihrer selbst\u00e4ndigen beruflichen T\u00e4tigkeit zugerechnet werden\nk\u00f6nnen. \u201eUnternehmer\u201c ist eine nat\u00fcrliche oder juristische Person oder eine\nrechtsf\u00e4hige Personengesellschaft, die bei Abschluss eines Rechtsgesch\u00e4fts in\nAus\u00fcbung ihrer gewerblichen oder selbst\u00e4ndigen beruflichen T\u00e4tigkeit handelt,\nwobei eine rechtsf\u00e4hige Personengesellschaft eine Personengesellschaft ist, die\nmit der F\u00e4higkeit ausgestattet ist, Rechte zu erwerben und Verbindlichkeiten\neinzugehen.<\/p>\n\n\n\n<p><strong>\u00a7 2 Zustandekommen der Vertr\u00e4ge, Speicherung des\nVertragstextes<\/strong><\/p>\n\n\n\n<p>(1) Die\nfolgenden Regelungen \u00fcber den Vertragsabschluss gelten f\u00fcr Bestellungen \u00fcber\nunseren Online-Shop unter https:\/\/mrmrsskin.com.<\/p>\n\n\n\n<p>(2) Unsere\nProduktdarstellungen im Internet sind unverbindlich und kein verbindliches\nAngebot zum Abschluss eines Vertrages.<\/p>\n\n\n\n<p>(3) Bei\nEingang einer Bestellung in unserem Online-Shop gelten folgende Regelungen: Der\nKunde gibt ein bindendes Vertragsangebot ab, indem er die in unserem\nOnline-Shop vorgesehene Bestellprozedur erfolgreich durchl\u00e4uft. Die Bestellung\nerfolgt in folgenden Schritten:<\/p>\n\n\n\n<ol class=\"wp-block-list\">\n<li>Auswahl der gew\u00fcnschten Ware,<\/li>\n\n\n\n<li>Hinzuf\u00fcgen der Produkte durch\n     Anklicken des entsprechenden Buttons (z.B. \u201eIn den Warenkorb\u201c, \u201eIn die\n     Einkaufstasche\u201c o.\u00e4.),<\/li>\n\n\n\n<li>Pr\u00fcfung der Angaben im\n     Warenkorb,<\/li>\n\n\n\n<li>Aufrufen der Bestell\u00fcbersicht\n     durch Anklicken des entsprechenden Buttons (z.B. \u201eWeiter zur Kasse\u201c,\n     \u201eWeiter zur Zahlung\u201c, \u201eZur Bestell\u00fcbersicht\u201c o.\u00e4.),<\/li>\n\n\n\n<li>Eingabe\/Pr\u00fcfung der Adress- und\n     Kontaktdaten, Auswahl der Zahlungsart, Best\u00e4tigung der AGB und\n     Widerrufsbelehrung,<\/li>\n\n\n\n<li>Abschluss der Bestellung durch\n     Bet\u00e4tigung des Buttons \u201eJetzt kaufen\u201c. Dies stellt Ihre verbindliche\n     Bestellung dar.<\/li>\n\n\n\n<li>Der Vertrag kommt zustande,\n     indem Ihnen innerhalb von drei Werktagen an die angegebene E-Mail-Adresse\n     eine Bestellbest\u00e4tigung von uns zugeht.<\/li>\n<\/ol>\n\n\n\n<p>(4) Im Falle des Vertragsschlusses kommt der Vertrag mit\u00a0NEXTING GmbH, Blumenstra\u00dfe 36, 22301 Hamburg, Deutschland zustande.<\/p>\n\n\n\n<p>(5) Vor der\nBestellung k\u00f6nnen die Vertragsdaten \u00fcber die Druckfunktion des Browsers\nausgedruckt oder elektronisch gesichert werden. Die Abwicklung der Bestellung\nund \u00dcbermittlung aller im Zusammenhang mit dem Vertragsschluss erforderlichen\nInformationen, insbesondere der Bestelldaten, der AGB und der\nWiderrufsbelehrung, erfolgt per E-Mail nach dem Ausl\u00f6sen der Bestellung durch\nSie, zum Teil automatisiert. Wir speichern den Vertragstext nach\nVertragsschluss nicht.<\/p>\n\n\n\n<p>(6)\nEingabefehler k\u00f6nnen mittels der \u00fcblichen Tastatur-, Maus- und\nBrowser-Funktionen (z.B. \u00bbZur\u00fcck-Button\u00ab des Browsers) berichtigt werden. Sie\nk\u00f6nnen auch dadurch berichtigt werden, dass Sie den Bestellvorgang vorzeitig\nabbrechen, das Browserfenster schlie\u00dfen und den Vorgang wiederholen.<\/p>\n\n\n\n<p>(7) Die\nAbwicklung der Bestellung und \u00dcbermittlung aller im Zusammenhang mit dem Vertragsschluss\nerforderlichen Informationen erfolgt per E-Mail zum Teil automatisiert. Sie\nhaben deshalb sicherzustellen, dass die von Ihnen bei uns hinterlegte\nE-Mail-Adresse zutreffend ist, der Empfang der E-Mails technisch sichergestellt\nund insbesondere nicht durch SPAM-Filter verhindert wird.<\/p>\n\n\n\n<p><strong>\u00a7 3 Gegenstand des Vertrages und wesentliche Merkmale\nder Produkte<\/strong><\/p>\n\n\n\n<p>(1) Bei\nunserem Online-Shop ist Vertragsgegenstand:<\/p>\n\n\n\n<ol class=\"wp-block-list\">\n<li>Der Verkauf von Waren. Die\n     konkret angebotenen Waren k\u00f6nnen Sie unseren Artikelseiten entnehmen.<\/li>\n<\/ol>\n\n\n\n<p>(2) Die\nwesentlichen Merkmale der Ware finden sich in der Artikelbeschreibung.<\/p>\n\n\n\n<p>(3) F\u00fcr den\nVerkauf digitaler Produkte gelten die aus der Produktbeschreibung ersichtlichen\noder sich sonst aus den Umst\u00e4nden ergebenden Beschr\u00e4nkungen, insbesondere zu\nHard- und\/oder Softwareanforderungen an die Zielumgebung. Wenn nicht\nausdr\u00fccklich etwas anderes vereinbart ist, ist Vertragsgegenstand nur\ndie&nbsp;private und gewerbliche Nutzung der Produkte ohne das Recht zur\nWeiterver\u00e4u\u00dferung oder Unterlizensierung.<\/p>\n\n\n\n<p><strong>\u00a7 4 Preise, Versandkosten und Lieferung<\/strong><\/p>\n\n\n\n<p>(1) Die in\nden jeweiligen Angeboten angef\u00fchrten Preise sowie die Versandkosten sind\nGesamtpreise und beinhalten alle Preisbestandteile einschlie\u00dflich aller\nanfallenden Steuern.<\/p>\n\n\n\n<p>(2) Der\njeweilige Kaufpreis ist vor der Lieferung des Produktes zu leisten (Vorkasse),\nes sei denn, wir bieten ausdr\u00fccklich den Kauf auf Rechnung an. Die Ihnen zur\nVerf\u00fcgung stehenden Zahlungsarten sind unter einer entsprechend bezeichneten\nSchaltfl\u00e4che im Online-Shop oder im jeweiligen Angebot ausgewiesen. Soweit bei\nden einzelnen Zahlungsarten nicht anders angegeben, sind die Zahlungsanspr\u00fcche\nsofort zur Zahlung f\u00e4llig.<\/p>\n\n\n\n<p>(3)\nZus\u00e4tzlich zu den angegebenen Preisen k\u00f6nnen f\u00fcr die Lieferung von Produkten\nVersandkosten anfallen, sofern der jeweilige Artikel nicht als\nversandkostenfrei ausgewiesen ist. Die Versandkosten werden Ihnen auf den\nAngeboten, ggf. im Warenkorbsystem und auf der Bestell\u00fcbersicht nochmals\ndeutlich mitgeteilt.<\/p>\n\n\n\n<p>(4) Alle\nangebotenen Produkte sind, sofern nicht in der Produktbeschreibung deutlich\nanders angegeben, sofort versandfertig (Lieferzeit: 1-3 Werktage nach dem\nEingang der Zahlung).<\/p>\n\n\n\n<p>(5) Es\nbestehen die folgenden Liefergebietsbeschr\u00e4nkungen: Die Lieferung erfolgt in\nfolgende L\u00e4nder: Deutschland.<\/p>\n\n\n\n<p><strong>\u00a7 5 Zur\u00fcckbehaltungsrecht, Eigentumsvorbehalt<\/strong><\/p>\n\n\n\n<p>(1) Ein\nZur\u00fcckbehaltungsrecht k\u00f6nnen Sie nur aus\u00fcben, soweit es sich um Forderungen aus\ndemselben Vertragsverh\u00e4ltnis handelt.<\/p>\n\n\n\n<p>(2) Die Ware\nbleibt bis zur vollst\u00e4ndigen Zahlung des Kaufpreises unser Eigentum.<\/p>\n\n\n\n<p><strong>\u00a7 6 Widerrufsrecht<\/strong><\/p>\n\n\n\n<p>Als\nVerbraucher haben Sie ein Widerrufsrecht. Dieses richtet sich nach unserer <a href=\"https:\/\/mrmrsskin.com\/?page_id=51\">Widerrufsbelehrung<\/a>.<\/p>\n\n\n\n<p><strong>\u00a7 7 Haftung<\/strong><\/p>\n\n\n\n<p>(1)\nVorbehaltlich der nachfolgenden Ausnahmen ist unsere Haftung f\u00fcr vertragliche\nPflichtverletzungen sowie aus unerlaubter Handlung auf Vorsatz oder grobe\nFahrl\u00e4ssigkeit beschr\u00e4nkt.<\/p>\n\n\n\n<p>(2) Wir\nhaften bei leichter Fahrl\u00e4ssigkeit im Falle der Verletzung des Lebens, des\nK\u00f6rpers, der Gesundheit oder bei Verletzung einer vertragswesentlichen Pflicht\nunbeschr\u00e4nkt. Wenn wir durch leichte Fahrl\u00e4ssigkeit mit der Leistung in Verzug\ngeraten sind, wenn die Leistung unm\u00f6glich geworden ist oder wenn wir eine\nvertragswesentliche Pflicht verletzt haben, ist die Haftung f\u00fcr darauf\nzur\u00fcckzuf\u00fchrende Sach- und Verm\u00f6genssch\u00e4den auf den <strong>vertragstypisch\nvorhersehbaren Schaden<\/strong> begrenzt. Eine vertragswesentliche Pflicht ist eine\nsolche, deren Erf\u00fcllung die ordnungsgem\u00e4\u00dfe Durchf\u00fchrung des Vertrages \u00fcberhaupt\nerst erm\u00f6glicht, deren Verletzung die Erreichung des Vertragszwecks gef\u00e4hrdet\nund auf deren Einhaltung Sie regelm\u00e4\u00dfig vertrauen d\u00fcrfen. Dazu geh\u00f6rt\ninsbesondere unsere Pflicht zum T\u00e4tigwerden und der Erf\u00fcllung der vertraglich\ngeschuldeten Leistung, die in \u00a7 3 beschrieben wird.<\/p>\n\n\n\n<p><strong>\u00a7 8 Vertragssprache<\/strong><\/p>\n\n\n\n<p>Als\nVertragssprache steht ausschlie\u00dflich Deutsch zur Verf\u00fcgung.<\/p>\n\n\n\n<p><strong>\u00a7 9&nbsp;Gew\u00e4hrleistung<\/strong><\/p>\n\n\n\n<p>(1) Die\nGew\u00e4hrleistung richtet sich nach den gesetzlichen Bestimmungen.<\/p>\n\n\n\n<p>(2)\nGegen\u00fcber Unternehmern betr\u00e4gt die Gew\u00e4hrleistungsfrist auf gelieferte Sachen\n12 Monate.<\/p>\n\n\n\n<p>(3) Als\nVerbraucher werden Sie gebeten, die Sache\/die digitalen G\u00fcter oder die\nerbrachte Dienstleistung bei Vertragserf\u00fcllung umgehend auf Vollst\u00e4ndigkeit,\noffensichtliche M\u00e4ngel und Transportsch\u00e4den zu \u00fcberpr\u00fcfen und uns sowie dem\nSpediteur Beanstandungen schnellstm\u00f6glich mitzuteilen. Kommen Sie dem nicht\nnach, hat dies nat\u00fcrlich keine Auswirkung auf Ihre gesetzlichen\nGew\u00e4hrleistungsanspr\u00fcche.<\/p>\n\n\n\n<p><strong>\u00a7 10&nbsp;Schlussbestimmungen<\/strong><\/p>\n\n\n\n<p>(1) Es gilt\ndeutsches Recht. Bei Verbrauchern gilt diese Rechtswahl nur, soweit hierdurch\nder durch zwingende Bestimmungen des Rechts des Staates des gew\u00f6hnlichen\nAufenthaltes des Verbrauchers gew\u00e4hrte Schutz nicht entzogen wird\n(G\u00fcnstigkeitsprinzip).<\/p>\n\n\n\n<p>(2) Die\nBestimmungen des UN-Kaufrechts finden ausdr\u00fccklich keine Anwendung.<\/p>\n\n\n\n<p>(3) Sofern\nes sich beim Kunden um einen Kaufmann, eine juristische Person des \u00f6ffentlichen\nRechts oder um ein \u00f6ffentlich-rechtliches Sonderverm\u00f6gen handelt, ist\nGerichtsstand f\u00fcr alle Streitigkeiten aus Vertragsverh\u00e4ltnissen zwischen dem\nKunden und dem Anbieter der Sitz des Anbieters.<\/p>\n","protected":false},"excerpt":{"rendered":"<p>Allgemeine Gesch\u00e4ftsbedingungen \u00a7 1 Geltung, Begriffsdefinitionen (1) NEXTING GmbH, Blumenstra\u00dfe 36, 22301 Hamburg, Deutschland (im Folgenden: \u201ewir\u201c oder \u201eMr &amp; Mrs SKIN\u201c) betreibt unter der Webseite https:\/\/mrmrsskin.com einen Online-Shop f\u00fcr &#8230;<\/p>\n","protected":false},"author":1,"featured_media":0,"parent":0,"menu_order":0,"comment_status":"closed","ping_status":"closed","template":"","meta":{"footnotes":""},"class_list":["post-1236","page","type-page","status-publish","hentry"],"_links":{"self":[{"href":"https:\/\/mrmrsskin.com\/index.php\/wp-json\/wp\/v2\/pages\/1236","targetHints":{"allow":["GET"]}}],"collection":[{"href":"https:\/\/mrmrsskin.com\/index.php\/wp-json\/wp\/v2\/pages"}],"about":[{"href":"https:\/\/mrmrsskin.com\/index.php\/wp-json\/wp\/v2\/types\/page"}],"author":[{"embeddable":true,"href":"https:\/\/mrmrsskin.com\/index.php\/wp-json\/wp\/v2\/users\/1"}],"replies":[{"embeddable":true,"href":"https:\/\/mrmrsskin.com\/index.php\/wp-json\/wp\/v2\/comments?post=1236"}],"version-history":[{"count":2,"href":"https:\/\/mrmrsskin.com\/index.php\/wp-json\/wp\/v2\/pages\/1236\/revisions"}],"predecessor-version":[{"id":1959,"href":"https:\/\/mrmrsskin.com\/index.php\/wp-json\/wp\/v2\/pages\/1236\/revisions\/1959"}],"wp:attachment":[{"href":"https:\/\/mrmrsskin.com\/index.php\/wp-json\/wp\/v2\/media?parent=1236"}],"curies":[{"name":"wp","href":"https:\/\/api.w.org\/{rel}","templated":true}]}}